{"id":219,"date":"2021-02-04T13:36:49","date_gmt":"2021-02-04T13:36:49","guid":{"rendered":"https:\/\/showcauses.eyeatproduction.com\/?page_id=219"},"modified":"2021-02-05T08:11:47","modified_gmt":"2021-02-05T08:11:47","slug":"contact","status":"publish","type":"page","link":"https:\/\/showcauses.eyeatproduction.com\/sv\/contact\/","title":{"rendered":"Kontakt"},"content":{"rendered":"<div data-elementor-type=\"wp-page\" data-elementor-id=\"219\" class=\"elementor elementor-219\">\n\t\t\t\t\t\t<section class=\"elementor-section elementor-top-section elementor-element elementor-element-1c9eda5 elementor-section-boxed elementor-section-height-default elementor-section-height-default\" data-id=\"1c9eda5\" data-element_type=\"section\" data-e-type=\"section\">\n\t\t\t\t\t\t<div class=\"elementor-container elementor-column-gap-default\">\n\t\t\t\t\t\t<\/div>\n\t\t<\/section>\n\t\t\t\t<section class=\"elementor-section elementor-top-section elementor-element elementor-element-9ff51f4 elementor-section-boxed elementor-section-height-default elementor-section-height-default\" data-id=\"9ff51f4\" data-element_type=\"section\" data-e-type=\"section\">\n\t\t\t\t\t\t<div class=\"elementor-container elementor-column-gap-default\">\n\t\t\t\t\t<div class=\"elementor-column elementor-col-100 elementor-top-column elementor-element elementor-element-0a4e077\" data-id=\"0a4e077\" data-element_type=\"column\" data-e-type=\"column\">\n\t\t\t<div class=\"elementor-widget-wrap elementor-element-populated\">\n\t\t\t\t\t\t<div class=\"elementor-element elementor-element-6b47dbf elementor-widget elementor-widget-heading\" data-id=\"6b47dbf\" data-element_type=\"widget\" data-e-type=\"widget\" data-widget_type=\"heading.default\">\n\t\t\t\t<div class=\"elementor-widget-container\">\n\t\t\t\t\t<h2 class=\"elementor-heading-title elementor-size-default\">Kontakta oss<\/h2>\t\t\t\t<\/div>\n\t\t\t\t<\/div>\n\t\t\t\t<div class=\"elementor-element elementor-element-c3e0454 elementor-widget elementor-widget-heading\" data-id=\"c3e0454\" data-element_type=\"widget\" data-e-type=\"widget\" data-widget_type=\"heading.default\">\n\t\t\t\t<div class=\"elementor-widget-container\">\n\t\t\t\t\t<h4 class=\"elementor-heading-title elementor-size-default\">Vi \u00e4r glada att h\u00f6ra om dina fr\u00e5gor<\/h4>\t\t\t\t<\/div>\n\t\t\t\t<\/div>\n\t\t\t\t<div class=\"elementor-element elementor-element-ac370bf elementor-align-center elementor-widget elementor-widget-button\" data-id=\"ac370bf\" data-element_type=\"widget\" data-e-type=\"widget\" data-widget_type=\"button.default\">\n\t\t\t\t<div class=\"elementor-widget-container\">\n\t\t\t\t\t\t\t\t\t<div class=\"elementor-button-wrapper\">\n\t\t\t\t\t<a class=\"elementor-button elementor-button-link elementor-size-sm\" href=\"mailto:info@colmeo.se\">\n\t\t\t\t\t\t<span class=\"elementor-button-content-wrapper\">\n\t\t\t\t\t\t\t\t\t<span class=\"elementor-button-text\">Skicka E-mail <\/span>\n\t\t\t\t\t<\/span>\n\t\t\t\t\t<\/a>\n\t\t\t\t<\/div>\n\t\t\t\t\t\t\t\t<\/div>\n\t\t\t\t<\/div>\n\t\t\t\t<div class=\"elementor-element elementor-element-67caf17 elementor-widget elementor-widget-heading\" data-id=\"67caf17\" data-element_type=\"widget\" data-e-type=\"widget\" data-widget_type=\"heading.default\">\n\t\t\t\t<div class=\"elementor-widget-container\">\n\t\t\t\t\t<h4 class=\"elementor-heading-title elementor-size-default\"><span style=\"font-weight: normal\">Skicka ditt meddelande till <u>info@colmeo.se<\/u><\/span><\/h4>\t\t\t\t<\/div>\n\t\t\t\t<\/div>\n\t\t\t\t\t<\/div>\n\t\t<\/div>\n\t\t\t\t\t<\/div>\n\t\t<\/section>\n\t\t\t\t<section class=\"elementor-section elementor-top-section elementor-element elementor-element-ba52981 elementor-section-boxed elementor-section-height-default elementor-section-height-default\" data-id=\"ba52981\" data-element_type=\"section\" data-e-type=\"section\">\n\t\t\t\t\t\t<div class=\"elementor-container elementor-column-gap-default\">\n\t\t\t\t\t<div class=\"elementor-column elementor-col-100 elementor-top-column elementor-element elementor-element-aa1e381\" data-id=\"aa1e381\" data-element_type=\"column\" data-e-type=\"column\">\n\t\t\t<div class=\"elementor-widget-wrap elementor-element-populated\">\n\t\t\t\t\t\t<div class=\"elementor-element elementor-element-ae78401 elementor-widget elementor-widget-spacer\" data-id=\"ae78401\" data-element_type=\"widget\" data-e-type=\"widget\" data-widget_type=\"spacer.default\">\n\t\t\t\t<div class=\"elementor-widget-container\">\n\t\t\t\t\t\t\t<div class=\"elementor-spacer\">\n\t\t\t<div class=\"elementor-spacer-inner\"><\/div>\n\t\t<\/div>\n\t\t\t\t\t\t<\/div>\n\t\t\t\t<\/div>\n\t\t\t\t<div class=\"elementor-element elementor-element-4224e82 elementor-widget elementor-widget-heading\" data-id=\"4224e82\" data-element_type=\"widget\" data-e-type=\"widget\" data-widget_type=\"heading.default\">\n\t\t\t\t<div class=\"elementor-widget-container\">\n\t\t\t\t\t<h2 class=\"elementor-heading-title elementor-size-default\">Colmeo AB<\/h2>\t\t\t\t<\/div>\n\t\t\t\t<\/div>\n\t\t\t\t<div class=\"elementor-element elementor-element-adf969e elementor-widget elementor-widget-heading\" data-id=\"adf969e\" data-element_type=\"widget\" data-e-type=\"widget\" data-widget_type=\"heading.default\">\n\t\t\t\t<div class=\"elementor-widget-container\">\n\t\t\t\t\t<h4 class=\"elementor-heading-title elementor-size-default\">Vi \u00e4r ett IT-f\u00f6retag baserat i Bor\u00e5s, Sverige.<br><br><span style=\"font-weight: normal\">P\u00e5 Colmeo AB har vi mer \u00e4n 10 \u00e5rs erfarenhet av att arbeta n\u00e4ra tillsammans tillverkningsf\u00f6retag p\u00e5 den svenska marknaden.<\/span><br><br><span style=\"font-weight: normal\">Baserat p\u00e5 v\u00e5ra erfarenheter har vi skapat varum\u00e4rket <\/span><b>EyeAtProduction<\/b><span style=\"font-weight: normal\"> f\u00f6r att f\u00f6rb\u00e4ttra effektiviteten p\u00e5 mang\u00e5 f\u00f6retag.<\/span><\/h4>\t\t\t\t<\/div>\n\t\t\t\t<\/div>\n\t\t\t\t\t<\/div>\n\t\t<\/div>\n\t\t\t\t\t<\/div>\n\t\t<\/section>\n\t\t\t\t<section class=\"elementor-section elementor-top-section elementor-element elementor-element-27e8dd4 elementor-section-boxed elementor-section-height-default elementor-section-height-default\" data-id=\"27e8dd4\" data-element_type=\"section\" data-e-type=\"section\">\n\t\t\t\t\t\t<div class=\"elementor-container elementor-column-gap-default\">\n\t\t\t\t\t<div class=\"elementor-column elementor-col-100 elementor-top-column elementor-element elementor-element-ca2a51e\" data-id=\"ca2a51e\" data-element_type=\"column\" data-e-type=\"column\">\n\t\t\t<div class=\"elementor-widget-wrap\">\n\t\t\t\t\t\t\t<\/div>\n\t\t<\/div>\n\t\t\t\t\t<\/div>\n\t\t<\/section>\n\t\t\t\t<\/div>","protected":false},"excerpt":{"rendered":"<p>Contact us We are happy to hear about your questions Send Mail Send your message to info@colmeo.se Colmeo AB We are an IT-company based in Bor\u00e5s, Sweden. We have more than 10 years of experience working closely together with manufacturing companies in the Swedish market. Based on the experience we created the brand EyeAtProduction to&hellip;&nbsp;<a href=\"https:\/\/showcauses.eyeatproduction.com\/sv\/contact\/\" rel=\"bookmark\">L\u00e4s mer &raquo;<span class=\"screen-reader-text\">Kontakt<\/span><\/a><\/p>","protected":false},"author":1,"featured_media":0,"parent":0,"menu_order":0,"comment_status":"closed","ping_status":"closed","template":"page-templates\/template-pagebuilder-full-width.php","meta":{"neve_meta_sidebar":"full-width","neve_meta_container":"","neve_meta_enable_content_width":"on","neve_meta_content_width":100,"neve_meta_title_alignment":"","neve_meta_author_avatar":"","neve_post_elements_order":"","neve_meta_disable_header":"","neve_meta_disable_footer":"","neve_meta_disable_title":"","footnotes":""},"class_list":["post-219","page","type-page","status-publish","hentry"],"_links":{"self":[{"href":"https:\/\/showcauses.eyeatproduction.com\/sv\/wp-json\/wp\/v2\/pages\/219","targetHints":{"allow":["GET"]}}],"collection":[{"href":"https:\/\/showcauses.eyeatproduction.com\/sv\/wp-json\/wp\/v2\/pages"}],"about":[{"href":"https:\/\/showcauses.eyeatproduction.com\/sv\/wp-json\/wp\/v2\/types\/page"}],"author":[{"embeddable":true,"href":"https:\/\/showcauses.eyeatproduction.com\/sv\/wp-json\/wp\/v2\/users\/1"}],"replies":[{"embeddable":true,"href":"https:\/\/showcauses.eyeatproduction.com\/sv\/wp-json\/wp\/v2\/comments?post=219"}],"version-history":[{"count":33,"href":"https:\/\/showcauses.eyeatproduction.com\/sv\/wp-json\/wp\/v2\/pages\/219\/revisions"}],"predecessor-version":[{"id":286,"href":"https:\/\/showcauses.eyeatproduction.com\/sv\/wp-json\/wp\/v2\/pages\/219\/revisions\/286"}],"wp:attachment":[{"href":"https:\/\/showcauses.eyeatproduction.com\/sv\/wp-json\/wp\/v2\/media?parent=219"}],"curies":[{"name":"wp","href":"https:\/\/api.w.org\/{rel}","templated":true}]}}